{"id":29,"date":"2025-07-01T01:35:51","date_gmt":"2025-07-01T01:35:51","guid":{"rendered":"https:\/\/enoi.xyz\/?page_id=29"},"modified":"2025-07-01T01:35:51","modified_gmt":"2025-07-01T01:35:51","slug":"oferta-educativa","status":"publish","type":"page","link":"https:\/\/enoi.edu.mx\/index.php\/oferta-educativa\/","title":{"rendered":"Oferta Educativa"},"content":{"rendered":"\n<figure class=\"wp-block-image\"><img decoding=\"async\" src=\"https:\/\/www.normal-irapuato.org\/img\/Banner%20Formularios_mar2024.jpg\" alt=\"Cargando img...\"\/><\/figure>\n\n\n\n<h5 class=\"wp-block-heading\">Lic. Educaci\u00f3n Preescolar<\/h5>\n\n\n\n<p>La Licenciatura en Educaci\u00f3n Preescolar est\u00e1 dise\u00f1ada para formar profesionales competentes en la ense\u00f1anza y cuidado de ni\u00f1os en edad preescolar, comprendidos entre los 3 y 6 a\u00f1os de edad. Los egresados de este programa adquieren conocimientos y habilidades en desarrollo infantil, psicopedagog\u00eda, did\u00e1ctica y gesti\u00f3n educativa, permiti\u00e9ndoles crear ambientes de aprendizaje que fomenten el desarrollo integral de los ni\u00f1os en esta etapa crucial de su vida.<\/p>\n\n\n\n<p><small>Actualizado: Julio 2024<\/small><\/p>\n\n\n\n<h5 class=\"wp-block-heading\">Lic. Educaci\u00f3n Primaria<\/h5>\n\n\n\n<p>La Licenciatura en Educaci\u00f3n Primaria est\u00e1 enfocada en la formaci\u00f3n de profesionales capaces de ense\u00f1ar a ni\u00f1os de 6 a 12 a\u00f1os. Este programa prepara a los futuros docentes para enfrentar los desaf\u00edos educativos de esta etapa, desarrollando sus habilidades pedag\u00f3gicas, did\u00e1cticas y de gesti\u00f3n escolar, as\u00ed como un profundo entendimiento de los procesos de aprendizaje infantil.<\/p>\n\n\n\n<p><small>Actualizado: Julio 2024<\/small><\/p>\n\n\n\n<h5 class=\"wp-block-heading\">Lic. inclusi\u00f3n Educativa<\/h5>\n\n\n\n<p>La Licenciatura en Inclusi\u00f3n Educativa est\u00e1 dise\u00f1ada para preparar profesionales que puedan atender las necesidades educativas de estudiantes con diversas discapacidades y condiciones especiales. Este programa se centra en la promoci\u00f3n de pr\u00e1cticas inclusivas que aseguren el acceso a una educaci\u00f3n de calidad para todos los alumnos, independientemente de sus habilidades y contextos.<\/p>\n\n\n\n<p><small>Actualizado: Julio 2024<\/small><\/p>\n","protected":false},"excerpt":{"rendered":"<p>Lic. Educaci\u00f3n Preescolar La Licenciatura en Educaci\u00f3n Preescolar est\u00e1 dise\u00f1ada para formar profesionales competentes en la ense\u00f1anza y cuidado de [&hellip;]<\/p>\n","protected":false},"author":1,"featured_media":0,"parent":0,"menu_order":0,"comment_status":"closed","ping_status":"closed","template":"","meta":{"site-sidebar-layout":"default","site-content-layout":"","ast-site-content-layout":"default","site-content-style":"default","site-sidebar-style":"default","ast-global-header-display":"","ast-banner-title-visibility":"","ast-main-header-display":"","ast-hfb-above-header-display":"","ast-hfb-below-header-display":"","ast-hfb-mobile-header-display":"","site-post-title":"","ast-breadcrumbs-content":"","ast-featured-img":"","footer-sml-layout":"","theme-transparent-header-meta":"","adv-header-id-meta":"","stick-header-meta":"","header-above-stick-meta":"","header-main-stick-meta":"","header-below-stick-meta":"","astra-migrate-meta-layouts":"default","ast-page-background-enabled":"default","ast-page-background-meta":{"desktop":{"background-color":"var(--ast-global-color-5)","background-image":"","background-repeat":"repeat","background-position":"center center","background-size":"auto","background-attachment":"scroll","background-type":"","background-media":"","overlay-type":"","overlay-color":"","overlay-opacity":"","overlay-gradient":""},"tablet":{"background-color":"","background-image":"","background-repeat":"repeat","background-position":"center center","background-size":"auto","background-attachment":"scroll","background-type":"","background-media":"","overlay-type":"","overlay-color":"","overlay-opacity":"","overlay-gradient":""},"mobile":{"background-color":"","background-image":"","background-repeat":"repeat","background-position":"center center","background-size":"auto","background-attachment":"scroll","background-type":"","background-media":"","overlay-type":"","overlay-color":"","overlay-opacity":"","overlay-gradient":""}},"ast-content-background-meta":{"desktop":{"background-color":"var(--ast-global-color-4)","background-image":"","background-repeat":"repeat","background-position":"center center","background-size":"auto","background-attachment":"scroll","background-type":"","background-media":"","overlay-type":"","overlay-color":"","overlay-opacity":"","overlay-gradient":""},"tablet":{"background-color":"var(--ast-global-color-4)","background-image":"","background-repeat":"repeat","background-position":"center center","background-size":"auto","background-attachment":"scroll","background-type":"","background-media":"","overlay-type":"","overlay-color":"","overlay-opacity":"","overlay-gradient":""},"mobile":{"background-color":"var(--ast-global-color-4)","background-image":"","background-repeat":"repeat","background-position":"center center","background-size":"auto","background-attachment":"scroll","background-type":"","background-media":"","overlay-type":"","overlay-color":"","overlay-opacity":"","overlay-gradient":""}},"footnotes":""},"class_list":["post-29","page","type-page","status-publish","hentry"],"_links":{"self":[{"href":"https:\/\/enoi.edu.mx\/index.php\/wp-json\/wp\/v2\/pages\/29","targetHints":{"allow":["GET"]}}],"collection":[{"href":"https:\/\/enoi.edu.mx\/index.php\/wp-json\/wp\/v2\/pages"}],"about":[{"href":"https:\/\/enoi.edu.mx\/index.php\/wp-json\/wp\/v2\/types\/page"}],"author":[{"embeddable":true,"href":"https:\/\/enoi.edu.mx\/index.php\/wp-json\/wp\/v2\/users\/1"}],"replies":[{"embeddable":true,"href":"https:\/\/enoi.edu.mx\/index.php\/wp-json\/wp\/v2\/comments?post=29"}],"version-history":[{"count":1,"href":"https:\/\/enoi.edu.mx\/index.php\/wp-json\/wp\/v2\/pages\/29\/revisions"}],"predecessor-version":[{"id":30,"href":"https:\/\/enoi.edu.mx\/index.php\/wp-json\/wp\/v2\/pages\/29\/revisions\/30"}],"wp:attachment":[{"href":"https:\/\/enoi.edu.mx\/index.php\/wp-json\/wp\/v2\/media?parent=29"}],"curies":[{"name":"wp","href":"https:\/\/api.w.org\/{rel}","templated":true}]}}