{"id":26,"date":"2025-07-01T01:34:24","date_gmt":"2025-07-01T01:34:24","guid":{"rendered":"https:\/\/enoi.xyz\/?page_id=26"},"modified":"2026-03-23T19:27:50","modified_gmt":"2026-03-23T19:27:50","slug":"direccion","status":"publish","type":"page","link":"https:\/\/enoi.edu.mx\/index.php\/direccion\/","title":{"rendered":"Direcci\u00f3n"},"content":{"rendered":"\n<h5 class=\"wp-block-heading\">MENSAJE DE NUESTRO DIRECTOR<\/h5>\n\n\n\n<figure class=\"wp-block-image size-full\"><img loading=\"lazy\" decoding=\"async\" width=\"291\" height=\"291\" src=\"https:\/\/enoi.edu.mx\/wp-content\/uploads\/2025\/07\/logo_enoi-removebg.png\" alt=\"\" class=\"wp-image-41\"\/><figcaption class=\"wp-element-caption\">LOGO ENOI<\/figcaption><\/figure>\n\n\n\n<p>La Educaci\u00f3n es el \u00e1mbito al que todo pa\u00eds apuesta para generar cambios y transformaciones. Participar en este quehacer desde el espacio que ofrece la formaci\u00f3n de profesionales de la educaci\u00f3n es una oportunidad inmejorable para trascender en la historia. En la ENOI, maestros, estudiantes y toda persona participante en el proceso formativo de las futuras maestras y maestros, estamos convencidos de que nos corresponde entregar nuestro trabajo, esfuerzo y vocaci\u00f3n al servicio educativo de calidad que requieren nuestras ni\u00f1as y ni\u00f1os, para contar con profesionistas en las aulas de educaci\u00f3n b\u00e1sica que velen por su desarrollo y bienestar. De esta manera refrendamos el compromiso de encaminar todas nuestras acciones hacia la construcci\u00f3n de una mejor sociedad a trav\u00e9s de la excelencia en la formaci\u00f3n de docentes, con la dicha de ser maestras y maestros, orgullosamente, ENOI.<\/p>\n\n\n\n<p><small>Dr. Alejandro Trejo \u00c1vila. Actualizaci\u00f3n: Julio 2024<\/small><\/p>\n","protected":false},"excerpt":{"rendered":"<p>MENSAJE DE NUESTRO DIRECTOR La Educaci\u00f3n es el \u00e1mbito al que todo pa\u00eds apuesta para generar cambios y transformaciones. Participar [&hellip;]<\/p>\n","protected":false},"author":1,"featured_media":0,"parent":0,"menu_order":0,"comment_status":"closed","ping_status":"closed","template":"","meta":{"site-sidebar-layout":"default","site-content-layout":"","ast-site-content-layout":"default","site-content-style":"default","site-sidebar-style":"default","ast-global-header-display":"","ast-banner-title-visibility":"","ast-main-header-display":"","ast-hfb-above-header-display":"","ast-hfb-below-header-display":"","ast-hfb-mobile-header-display":"","site-post-title":"","ast-breadcrumbs-content":"","ast-featured-img":"","footer-sml-layout":"","theme-transparent-header-meta":"","adv-header-id-meta":"","stick-header-meta":"","header-above-stick-meta":"","header-main-stick-meta":"","header-below-stick-meta":"","astra-migrate-meta-layouts":"default","ast-page-background-enabled":"default","ast-page-background-meta":{"desktop":{"background-color":"var(--ast-global-color-5)","background-image":"","background-repeat":"repeat","background-position":"center center","background-size":"auto","background-attachment":"scroll","background-type":"","background-media":"","overlay-type":"","overlay-color":"","overlay-opacity":"","overlay-gradient":""},"tablet":{"background-color":"","background-image":"","background-repeat":"repeat","background-position":"center center","background-size":"auto","background-attachment":"scroll","background-type":"","background-media":"","overlay-type":"","overlay-color":"","overlay-opacity":"","overlay-gradient":""},"mobile":{"background-color":"","background-image":"","background-repeat":"repeat","background-position":"center center","background-size":"auto","background-attachment":"scroll","background-type":"","background-media":"","overlay-type":"","overlay-color":"","overlay-opacity":"","overlay-gradient":""}},"ast-content-background-meta":{"desktop":{"background-color":"var(--ast-global-color-4)","background-image":"","background-repeat":"repeat","background-position":"center center","background-size":"auto","background-attachment":"scroll","background-type":"","background-media":"","overlay-type":"","overlay-color":"","overlay-opacity":"","overlay-gradient":""},"tablet":{"background-color":"var(--ast-global-color-4)","background-image":"","background-repeat":"repeat","background-position":"center center","background-size":"auto","background-attachment":"scroll","background-type":"","background-media":"","overlay-type":"","overlay-color":"","overlay-opacity":"","overlay-gradient":""},"mobile":{"background-color":"var(--ast-global-color-4)","background-image":"","background-repeat":"repeat","background-position":"center center","background-size":"auto","background-attachment":"scroll","background-type":"","background-media":"","overlay-type":"","overlay-color":"","overlay-opacity":"","overlay-gradient":""}},"footnotes":""},"class_list":["post-26","page","type-page","status-publish","hentry"],"_links":{"self":[{"href":"https:\/\/enoi.edu.mx\/index.php\/wp-json\/wp\/v2\/pages\/26","targetHints":{"allow":["GET"]}}],"collection":[{"href":"https:\/\/enoi.edu.mx\/index.php\/wp-json\/wp\/v2\/pages"}],"about":[{"href":"https:\/\/enoi.edu.mx\/index.php\/wp-json\/wp\/v2\/types\/page"}],"author":[{"embeddable":true,"href":"https:\/\/enoi.edu.mx\/index.php\/wp-json\/wp\/v2\/users\/1"}],"replies":[{"embeddable":true,"href":"https:\/\/enoi.edu.mx\/index.php\/wp-json\/wp\/v2\/comments?post=26"}],"version-history":[{"count":3,"href":"https:\/\/enoi.edu.mx\/index.php\/wp-json\/wp\/v2\/pages\/26\/revisions"}],"predecessor-version":[{"id":76,"href":"https:\/\/enoi.edu.mx\/index.php\/wp-json\/wp\/v2\/pages\/26\/revisions\/76"}],"wp:attachment":[{"href":"https:\/\/enoi.edu.mx\/index.php\/wp-json\/wp\/v2\/media?parent=26"}],"curies":[{"name":"wp","href":"https:\/\/api.w.org\/{rel}","templated":true}]}}