{"id":22,"date":"2025-07-01T01:31:42","date_gmt":"2025-07-01T01:31:42","guid":{"rendered":"https:\/\/enoi.xyz\/?page_id=22"},"modified":"2025-07-01T01:47:40","modified_gmt":"2025-07-01T01:47:40","slug":"filosofia","status":"publish","type":"page","link":"https:\/\/enoi.edu.mx\/index.php\/filosofia\/","title":{"rendered":"FILOSOF\u00cdA INSTITUCIONAL"},"content":{"rendered":"\n<h4 class=\"wp-block-heading\"><\/h4>\n\n\n\n<h5 class=\"wp-block-heading\">Misi\u00f3n:<\/h5>\n\n\n\n<p>Somos una instituci\u00f3n de nivel superior dedicada a la formaci\u00f3n integral, superaci\u00f3n y profesionalizaci\u00f3n docente a trav\u00e9s de la adecuada operaci\u00f3n de los planes y programas educativos, as\u00ed como los procesos de gesti\u00f3n, que contribuyen a los fines de la educaci\u00f3n.<\/p>\n\n\n\n<h5 class=\"wp-block-heading\">Visi\u00f3n a 2027:<\/h5>\n\n\n\n<p>Ser una comunidad de aprendizaje socialmente reconocida, comprometida con la excelencia de sus procesos de formaci\u00f3n, profesionalizaci\u00f3n y superaci\u00f3n de los profesionales de la educaci\u00f3n, para contribuir al desarrollo de una ciudadan\u00eda con sentido de responsabilidad social, inclusiva, participativa y democr\u00e1tica.<\/p>\n\n\n\n<hr class=\"wp-block-separator has-alpha-channel-opacity\"\/>\n\n\n\n<h4 class=\"wp-block-heading\">VALORES<\/h4>\n\n\n\n<ul class=\"wp-block-list\">\n<li>\u2022 Respeto<\/li>\n\n\n\n<li>\u2022 Democracia<\/li>\n\n\n\n<li>\u2022 Compromiso Social<\/li>\n\n\n\n<li>\u2022 Responsabilidad<\/li>\n<\/ul>\n\n\n\n<hr class=\"wp-block-separator has-alpha-channel-opacity\"\/>\n\n\n\n<h4 class=\"wp-block-heading\">POL\u00cdTICA DE CALIDAD<\/h4>\n\n\n\n<p>En la Escuela Normal Oficial de Irapuato asumimos el compromiso de que todos los esfuerzos sean focalizados al logro de la formaci\u00f3n de profesionales de la educaci\u00f3n, con sentido de responsabilidad social y conducta \u00e9tica, mediante servicios educativos de excelencia, basados en la mejora continua de nuestros procesos, en la gesti\u00f3n de riesgos y en el reconocimiento de la propiedad intelectual, que permitan satisfacer las necesidades y expectativas de nuestra comunidad educativa, de acuerdo al marco normativo que nos rige.<\/p>\n\n\n\n<p><small>Rev. 6<\/small><\/p>\n\n\n\n<hr class=\"wp-block-separator has-alpha-channel-opacity\"\/>\n\n\n\n<h4 class=\"wp-block-heading\">OBJETIVOS DE CALIDAD<\/h4>\n\n\n\n<ul class=\"wp-block-list\">\n<li><strong>OBJETIVO No.1.-<\/strong>&nbsp;Consolidar un sistema de trabajo que permita obtener el reconocimiento de instancias y organismos externos por nuestros procesos de gesti\u00f3n institucional.<\/li>\n\n\n\n<li><strong>OBJETIVO No.2.-<\/strong>&nbsp;Consolidar la estructura organizacional acorde a las demandas acad\u00e9micas de los planes y programas de estudio vigentes.<\/li>\n\n\n\n<li><strong>OBJETIVO No.3.-<\/strong>&nbsp;Garantizar la operaci\u00f3n de programas de excelencia que contribuyan a la formaci\u00f3n integral y continua de profesionales de la educaci\u00f3n.<\/li>\n\n\n\n<li><strong>OBJETIVO No.4.-<\/strong>&nbsp;Contar con infraestructura adecuada para el desarrollo de los planes y programas de estudio vigentes.<\/li>\n\n\n\n<li><strong>OBJETIVO No.5.-<\/strong>&nbsp;Fomentar una cultura de acciones socialmente responsables, proporcionando el cuidado y protecci\u00f3n del medio ambiente, promoviendo la b\u00fasqueda de soluciones con un alto sentido \u00e9tico.<\/li>\n<\/ul>\n","protected":false},"excerpt":{"rendered":"<p>Misi\u00f3n: Somos una instituci\u00f3n de nivel superior dedicada a la formaci\u00f3n integral, superaci\u00f3n y profesionalizaci\u00f3n docente a trav\u00e9s de la [&hellip;]<\/p>\n","protected":false},"author":1,"featured_media":0,"parent":0,"menu_order":0,"comment_status":"closed","ping_status":"closed","template":"","meta":{"site-sidebar-layout":"default","site-content-layout":"","ast-site-content-layout":"default","site-content-style":"default","site-sidebar-style":"default","ast-global-header-display":"","ast-banner-title-visibility":"","ast-main-header-display":"","ast-hfb-above-header-display":"","ast-hfb-below-header-display":"","ast-hfb-mobile-header-display":"","site-post-title":"","ast-breadcrumbs-content":"","ast-featured-img":"","footer-sml-layout":"","theme-transparent-header-meta":"","adv-header-id-meta":"","stick-header-meta":"","header-above-stick-meta":"","header-main-stick-meta":"","header-below-stick-meta":"","astra-migrate-meta-layouts":"default","ast-page-background-enabled":"default","ast-page-background-meta":{"desktop":{"background-color":"var(--ast-global-color-5)","background-image":"","background-repeat":"repeat","background-position":"center center","background-size":"auto","background-attachment":"scroll","background-type":"","background-media":"","overlay-type":"","overlay-color":"","overlay-opacity":"","overlay-gradient":""},"tablet":{"background-color":"","background-image":"","background-repeat":"repeat","background-position":"center center","background-size":"auto","background-attachment":"scroll","background-type":"","background-media":"","overlay-type":"","overlay-color":"","overlay-opacity":"","overlay-gradient":""},"mobile":{"background-color":"","background-image":"","background-repeat":"repeat","background-position":"center center","background-size":"auto","background-attachment":"scroll","background-type":"","background-media":"","overlay-type":"","overlay-color":"","overlay-opacity":"","overlay-gradient":""}},"ast-content-background-meta":{"desktop":{"background-color":"var(--ast-global-color-4)","background-image":"","background-repeat":"repeat","background-position":"center center","background-size":"auto","background-attachment":"scroll","background-type":"","background-media":"","overlay-type":"","overlay-color":"","overlay-opacity":"","overlay-gradient":""},"tablet":{"background-color":"var(--ast-global-color-4)","background-image":"","background-repeat":"repeat","background-position":"center center","background-size":"auto","background-attachment":"scroll","background-type":"","background-media":"","overlay-type":"","overlay-color":"","overlay-opacity":"","overlay-gradient":""},"mobile":{"background-color":"var(--ast-global-color-4)","background-image":"","background-repeat":"repeat","background-position":"center center","background-size":"auto","background-attachment":"scroll","background-type":"","background-media":"","overlay-type":"","overlay-color":"","overlay-opacity":"","overlay-gradient":""}},"footnotes":""},"class_list":["post-22","page","type-page","status-publish","hentry"],"_links":{"self":[{"href":"https:\/\/enoi.edu.mx\/index.php\/wp-json\/wp\/v2\/pages\/22","targetHints":{"allow":["GET"]}}],"collection":[{"href":"https:\/\/enoi.edu.mx\/index.php\/wp-json\/wp\/v2\/pages"}],"about":[{"href":"https:\/\/enoi.edu.mx\/index.php\/wp-json\/wp\/v2\/types\/page"}],"author":[{"embeddable":true,"href":"https:\/\/enoi.edu.mx\/index.php\/wp-json\/wp\/v2\/users\/1"}],"replies":[{"embeddable":true,"href":"https:\/\/enoi.edu.mx\/index.php\/wp-json\/wp\/v2\/comments?post=22"}],"version-history":[{"count":2,"href":"https:\/\/enoi.edu.mx\/index.php\/wp-json\/wp\/v2\/pages\/22\/revisions"}],"predecessor-version":[{"id":35,"href":"https:\/\/enoi.edu.mx\/index.php\/wp-json\/wp\/v2\/pages\/22\/revisions\/35"}],"wp:attachment":[{"href":"https:\/\/enoi.edu.mx\/index.php\/wp-json\/wp\/v2\/media?parent=22"}],"curies":[{"name":"wp","href":"https:\/\/api.w.org\/{rel}","templated":true}]}}